{"id":23,"date":"2021-12-14T13:46:53","date_gmt":"2021-12-14T13:46:53","guid":{"rendered":"https:\/\/www.universalchain.net\/?page_id=23"},"modified":"2025-07-11T10:34:33","modified_gmt":"2025-07-11T02:34:33","slug":"company-profile","status":"publish","type":"page","link":"https:\/\/www.universalchain.net\/de\/company-profile\/","title":{"rendered":"Unternehmensprofil"},"content":{"rendered":"","protected":false},"excerpt":{"rendered":"","protected":false},"author":1,"featured_media":0,"parent":0,"menu_order":0,"comment_status":"closed","ping_status":"closed","template":"","meta":{"footnotes":""},"class_list":["post-23","page","type-page","status-publish","hentry"],"yoast_head":"<!-- This site is optimized with the Yoast SEO plugin v27.4 - https:\/\/yoast.com\/product\/yoast-seo-wordpress\/ -->\n<title>About Universal Chains | Leading Industrial Chain Manufacturer Since 1970<\/title>\n<meta name=\"description\" content=\"With 50+ years of experience, Universal Chains operates a 255,000\u33a1 factory with 2,000+ machines and 1,000+ staff, serving as a global chain transmission manufacturer.\" \/>\n<meta name=\"robots\" content=\"index, follow, max-snippet:-1, max-image-preview:large, max-video-preview:-1\" \/>\n<link rel=\"canonical\" href=\"https:\/\/www.universalchain.net\/de\/company-profile\/\" \/>\n<meta property=\"og:locale\" content=\"de_DE\" \/>\n<meta property=\"og:type\" content=\"article\" \/>\n<meta property=\"og:title\" content=\"About Universal Chains | Leading Industrial Chain Manufacturer Since 1970\" \/>\n<meta property=\"og:description\" content=\"With 50+ years of experience, Universal Chains operates a 255,000\u33a1 factory with 2,000+ machines and 1,000+ staff, serving as a global chain transmission manufacturer.\" \/>\n<meta property=\"og:url\" content=\"https:\/\/www.universalchain.net\/de\/company-profile\/\" \/>\n<meta property=\"og:site_name\" content=\"Professional Manufacturer of Chain Industrial - Universal Transmission\" \/>\n<meta property=\"article:publisher\" content=\"https:\/\/www.facebook.com\/universalsunzhou\" \/>\n<meta property=\"article:modified_time\" content=\"2025-07-11T02:34:33+00:00\" \/>\n<meta name=\"twitter:card\" content=\"summary_large_image\" \/>\n<script type=\"application\/ld+json\" class=\"yoast-schema-graph\">{\"@context\":\"https:\\\/\\\/schema.org\",\"@graph\":[{\"@type\":\"WebPage\",\"@id\":\"https:\\\/\\\/www.universalchain.net\\\/company-profile\\\/\",\"url\":\"https:\\\/\\\/www.universalchain.net\\\/company-profile\\\/\",\"name\":\"About Universal Chains | Leading Industrial Chain Manufacturer Since 1970\",\"isPartOf\":{\"@id\":\"https:\\\/\\\/www.universalchain.net\\\/#website\"},\"datePublished\":\"2021-12-14T13:46:53+00:00\",\"dateModified\":\"2025-07-11T02:34:33+00:00\",\"description\":\"With 50+ years of experience, Universal Chains operates a 255,000\u33a1 factory with 2,000+ machines and 1,000+ staff, serving as a global chain transmission manufacturer.\",\"breadcrumb\":{\"@id\":\"https:\\\/\\\/www.universalchain.net\\\/company-profile\\\/#breadcrumb\"},\"inLanguage\":\"de\",\"potentialAction\":[{\"@type\":\"ReadAction\",\"target\":[\"https:\\\/\\\/www.universalchain.net\\\/company-profile\\\/\"]}]},{\"@type\":\"BreadcrumbList\",\"@id\":\"https:\\\/\\\/www.universalchain.net\\\/company-profile\\\/#breadcrumb\",\"itemListElement\":[{\"@type\":\"ListItem\",\"position\":1,\"name\":\"Home\",\"item\":\"https:\\\/\\\/www.universalchain.net\\\/\"},{\"@type\":\"ListItem\",\"position\":2,\"name\":\"Company Profile\"}]},{\"@type\":\"WebSite\",\"@id\":\"https:\\\/\\\/www.universalchain.net\\\/#website\",\"url\":\"https:\\\/\\\/www.universalchain.net\\\/\",\"name\":\"Professional Manufacturer of Chain Industrial - Universal Transmission\",\"description\":\"Leading Chain Transmission Manufacturer\",\"publisher\":{\"@id\":\"https:\\\/\\\/www.universalchain.net\\\/#organization\"},\"alternateName\":\"Universal Chains\",\"potentialAction\":[{\"@type\":\"SearchAction\",\"target\":{\"@type\":\"EntryPoint\",\"urlTemplate\":\"https:\\\/\\\/www.universalchain.net\\\/?s={search_term_string}\"},\"query-input\":{\"@type\":\"PropertyValueSpecification\",\"valueRequired\":true,\"valueName\":\"search_term_string\"}}],\"inLanguage\":\"de\"},{\"@type\":\"Organization\",\"@id\":\"https:\\\/\\\/www.universalchain.net\\\/#organization\",\"name\":\"Universal Chains\",\"url\":\"https:\\\/\\\/www.universalchain.net\\\/\",\"logo\":{\"@type\":\"ImageObject\",\"inLanguage\":\"de\",\"@id\":\"https:\\\/\\\/www.universalchain.net\\\/#\\\/schema\\\/logo\\\/image\\\/\",\"url\":\"https:\\\/\\\/www.universalchain.net\\\/wp-content\\\/uploads\\\/2022\\\/03\\\/Stainless-Steel-Chain-\u4e0d\u9508\u94a2\u94fe.png\",\"contentUrl\":\"https:\\\/\\\/www.universalchain.net\\\/wp-content\\\/uploads\\\/2022\\\/03\\\/Stainless-Steel-Chain-\u4e0d\u9508\u94a2\u94fe.png\",\"width\":512,\"height\":388,\"caption\":\"Universal Chains\"},\"image\":{\"@id\":\"https:\\\/\\\/www.universalchain.net\\\/#\\\/schema\\\/logo\\\/image\\\/\"},\"sameAs\":[\"https:\\\/\\\/www.facebook.com\\\/universalsunzhou\"]}]}<\/script>\n<!-- \/ Yoast SEO plugin. -->","yoast_head_json":{"title":"\u00dcber Universal Chains | F\u00fchrender Hersteller von Industrieketten seit 1970","description":"Mit \u00fcber 50 Jahren Erfahrung betreibt Universal Chains eine 255.000 m\u00b2 gro\u00dfe Fabrik mit \u00fcber 2.000 Maschinen und \u00fcber 1.000 Mitarbeitern und ist ein globaler Hersteller von Kettengetrieben.","robots":{"index":"index","follow":"follow","max-snippet":"max-snippet:-1","max-image-preview":"max-image-preview:large","max-video-preview":"max-video-preview:-1"},"canonical":"https:\/\/www.universalchain.net\/de\/company-profile\/","og_locale":"de_DE","og_type":"article","og_title":"About Universal Chains | Leading Industrial Chain Manufacturer Since 1970","og_description":"With 50+ years of experience, Universal Chains operates a 255,000\u33a1 factory with 2,000+ machines and 1,000+ staff, serving as a global chain transmission manufacturer.","og_url":"https:\/\/www.universalchain.net\/de\/company-profile\/","og_site_name":"Professional Manufacturer of Chain Industrial - Universal Transmission","article_publisher":"https:\/\/www.facebook.com\/universalsunzhou","article_modified_time":"2025-07-11T02:34:33+00:00","twitter_card":"summary_large_image","schema":{"@context":"https:\/\/schema.org","@graph":[{"@type":"WebPage","@id":"https:\/\/www.universalchain.net\/company-profile\/","url":"https:\/\/www.universalchain.net\/company-profile\/","name":"\u00dcber Universal Chains | F\u00fchrender Hersteller von Industrieketten seit 1970","isPartOf":{"@id":"https:\/\/www.universalchain.net\/#website"},"datePublished":"2021-12-14T13:46:53+00:00","dateModified":"2025-07-11T02:34:33+00:00","description":"Mit \u00fcber 50 Jahren Erfahrung betreibt Universal Chains eine 255.000 m\u00b2 gro\u00dfe Fabrik mit \u00fcber 2.000 Maschinen und \u00fcber 1.000 Mitarbeitern und ist ein globaler Hersteller von Kettengetrieben.","breadcrumb":{"@id":"https:\/\/www.universalchain.net\/company-profile\/#breadcrumb"},"inLanguage":"de","potentialAction":[{"@type":"ReadAction","target":["https:\/\/www.universalchain.net\/company-profile\/"]}]},{"@type":"BreadcrumbList","@id":"https:\/\/www.universalchain.net\/company-profile\/#breadcrumb","itemListElement":[{"@type":"ListItem","position":1,"name":"Home","item":"https:\/\/www.universalchain.net\/"},{"@type":"ListItem","position":2,"name":"Company Profile"}]},{"@type":"WebSite","@id":"https:\/\/www.universalchain.net\/#website","url":"https:\/\/www.universalchain.net\/","name":"Professioneller Hersteller von Industrieketten \u2013 Universal-Getriebe","description":"F\u00fchrender Hersteller von Kettengetrieben","publisher":{"@id":"https:\/\/www.universalchain.net\/#organization"},"alternateName":"Universal Chains","potentialAction":[{"@type":"SearchAction","target":{"@type":"EntryPoint","urlTemplate":"https:\/\/www.universalchain.net\/?s={search_term_string}"},"query-input":{"@type":"PropertyValueSpecification","valueRequired":true,"valueName":"search_term_string"}}],"inLanguage":"de"},{"@type":"Organization","@id":"https:\/\/www.universalchain.net\/#organization","name":"Universal-Ketten","url":"https:\/\/www.universalchain.net\/","logo":{"@type":"ImageObject","inLanguage":"de","@id":"https:\/\/www.universalchain.net\/#\/schema\/logo\/image\/","url":"https:\/\/www.universalchain.net\/wp-content\/uploads\/2022\/03\/Stainless-Steel-Chain-\u4e0d\u9508\u94a2\u94fe.png","contentUrl":"https:\/\/www.universalchain.net\/wp-content\/uploads\/2022\/03\/Stainless-Steel-Chain-\u4e0d\u9508\u94a2\u94fe.png","width":512,"height":388,"caption":"Universal Chains"},"image":{"@id":"https:\/\/www.universalchain.net\/#\/schema\/logo\/image\/"},"sameAs":["https:\/\/www.facebook.com\/universalsunzhou"]}]}},"_links":{"self":[{"href":"https:\/\/www.universalchain.net\/de\/wp-json\/wp\/v2\/pages\/23","targetHints":{"allow":["GET"]}}],"collection":[{"href":"https:\/\/www.universalchain.net\/de\/wp-json\/wp\/v2\/pages"}],"about":[{"href":"https:\/\/www.universalchain.net\/de\/wp-json\/wp\/v2\/types\/page"}],"author":[{"embeddable":true,"href":"https:\/\/www.universalchain.net\/de\/wp-json\/wp\/v2\/users\/1"}],"replies":[{"embeddable":true,"href":"https:\/\/www.universalchain.net\/de\/wp-json\/wp\/v2\/comments?post=23"}],"version-history":[{"count":0,"href":"https:\/\/www.universalchain.net\/de\/wp-json\/wp\/v2\/pages\/23\/revisions"}],"wp:attachment":[{"href":"https:\/\/www.universalchain.net\/de\/wp-json\/wp\/v2\/media?parent=23"}],"curies":[{"name":"wp","href":"https:\/\/api.w.org\/{rel}","templated":true}]}}