{"id":30,"date":"2021-12-14T14:32:36","date_gmt":"2021-12-14T14:32:36","guid":{"rendered":"https:\/\/www.universalchain.net\/?page_id=30"},"modified":"2022-03-26T17:03:51","modified_gmt":"2022-03-26T09:03:51","slug":"history","status":"publish","type":"page","link":"https:\/\/www.universalchain.net\/de\/history\/","title":{"rendered":"Unsere Geschichte"},"content":{"rendered":"","protected":false},"excerpt":{"rendered":"","protected":false},"author":1,"featured_media":0,"parent":0,"menu_order":0,"comment_status":"closed","ping_status":"closed","template":"","meta":{"footnotes":""},"class_list":["post-30","page","type-page","status-publish","hentry"],"yoast_head":"<!-- This site is optimized with the Yoast SEO plugin v27.4 - https:\/\/yoast.com\/product\/yoast-seo-wordpress\/ -->\n<title>Half century exploring &amp; developing in Chain Industrial<\/title>\n<meta name=\"description\" content=\"Established in 1970, with 5 decades growth and expansion, Suzhou Universal Chain has developed and became a giant in Chain industry. Committed to improve our technology and quality. Universal for the Century, Trusted Brand for the World!\" \/>\n<meta name=\"robots\" content=\"index, follow, max-snippet:-1, max-image-preview:large, max-video-preview:-1\" \/>\n<link rel=\"canonical\" href=\"https:\/\/www.universalchain.net\/de\/history\/\" \/>\n<meta property=\"og:locale\" content=\"de_DE\" \/>\n<meta property=\"og:type\" content=\"article\" \/>\n<meta property=\"og:title\" content=\"Half century exploring &amp; developing in Chain Industrial\" \/>\n<meta property=\"og:description\" content=\"Established in 1970, with 5 decades growth and expansion, Suzhou Universal Chain has developed and became a giant in Chain industry. Committed to improve our technology and quality. Universal for the Century, Trusted Brand for the World!\" \/>\n<meta property=\"og:url\" content=\"https:\/\/www.universalchain.net\/de\/history\/\" \/>\n<meta property=\"og:site_name\" content=\"Professional Manufacturer of Chain Industrial - Universal Transmission\" \/>\n<meta property=\"article:publisher\" content=\"https:\/\/www.facebook.com\/universalsunzhou\" \/>\n<meta property=\"article:modified_time\" content=\"2022-03-26T09:03:51+00:00\" \/>\n<meta name=\"twitter:card\" content=\"summary_large_image\" \/>\n<script type=\"application\/ld+json\" class=\"yoast-schema-graph\">{\"@context\":\"https:\\\/\\\/schema.org\",\"@graph\":[{\"@type\":\"WebPage\",\"@id\":\"https:\\\/\\\/www.universalchain.net\\\/history\\\/\",\"url\":\"https:\\\/\\\/www.universalchain.net\\\/history\\\/\",\"name\":\"Half century exploring & developing in Chain Industrial\",\"isPartOf\":{\"@id\":\"https:\\\/\\\/www.universalchain.net\\\/#website\"},\"datePublished\":\"2021-12-14T14:32:36+00:00\",\"dateModified\":\"2022-03-26T09:03:51+00:00\",\"description\":\"Established in 1970, with 5 decades growth and expansion, Suzhou Universal Chain has developed and became a giant in Chain industry. Committed to improve our technology and quality. Universal for the Century, Trusted Brand for the World!\",\"breadcrumb\":{\"@id\":\"https:\\\/\\\/www.universalchain.net\\\/history\\\/#breadcrumb\"},\"inLanguage\":\"de\",\"potentialAction\":[{\"@type\":\"ReadAction\",\"target\":[\"https:\\\/\\\/www.universalchain.net\\\/history\\\/\"]}]},{\"@type\":\"BreadcrumbList\",\"@id\":\"https:\\\/\\\/www.universalchain.net\\\/history\\\/#breadcrumb\",\"itemListElement\":[{\"@type\":\"ListItem\",\"position\":1,\"name\":\"Home\",\"item\":\"https:\\\/\\\/www.universalchain.net\\\/\"},{\"@type\":\"ListItem\",\"position\":2,\"name\":\"Our History\"}]},{\"@type\":\"WebSite\",\"@id\":\"https:\\\/\\\/www.universalchain.net\\\/#website\",\"url\":\"https:\\\/\\\/www.universalchain.net\\\/\",\"name\":\"Professional Manufacturer of Chain Industrial - Universal Transmission\",\"description\":\"Leading Chain Transmission Manufacturer\",\"publisher\":{\"@id\":\"https:\\\/\\\/www.universalchain.net\\\/#organization\"},\"alternateName\":\"Universal Chains\",\"potentialAction\":[{\"@type\":\"SearchAction\",\"target\":{\"@type\":\"EntryPoint\",\"urlTemplate\":\"https:\\\/\\\/www.universalchain.net\\\/?s={search_term_string}\"},\"query-input\":{\"@type\":\"PropertyValueSpecification\",\"valueRequired\":true,\"valueName\":\"search_term_string\"}}],\"inLanguage\":\"de\"},{\"@type\":\"Organization\",\"@id\":\"https:\\\/\\\/www.universalchain.net\\\/#organization\",\"name\":\"Universal Chains\",\"url\":\"https:\\\/\\\/www.universalchain.net\\\/\",\"logo\":{\"@type\":\"ImageObject\",\"inLanguage\":\"de\",\"@id\":\"https:\\\/\\\/www.universalchain.net\\\/#\\\/schema\\\/logo\\\/image\\\/\",\"url\":\"https:\\\/\\\/www.universalchain.net\\\/wp-content\\\/uploads\\\/2022\\\/03\\\/Stainless-Steel-Chain-\u4e0d\u9508\u94a2\u94fe.png\",\"contentUrl\":\"https:\\\/\\\/www.universalchain.net\\\/wp-content\\\/uploads\\\/2022\\\/03\\\/Stainless-Steel-Chain-\u4e0d\u9508\u94a2\u94fe.png\",\"width\":512,\"height\":388,\"caption\":\"Universal Chains\"},\"image\":{\"@id\":\"https:\\\/\\\/www.universalchain.net\\\/#\\\/schema\\\/logo\\\/image\\\/\"},\"sameAs\":[\"https:\\\/\\\/www.facebook.com\\\/universalsunzhou\"]}]}<\/script>\n<!-- \/ Yoast SEO plugin. -->","yoast_head_json":{"title":"Ein halbes Jahrhundert Erforschung und Entwicklung in Chain Industrial","description":"Gegr\u00fcndet im Jahr 1970, mit 5 Jahrzehnten Wachstum und Expansion, hat sich Suzhou Universal Chain zu einem Giganten in der Kettenindustrie entwickelt und entwickelt. Wir verpflichten uns, unsere Technologie und Qualit\u00e4t zu verbessern. Universal f\u00fcr das Jahrhundert, vertrauensw\u00fcrdige Marke f\u00fcr die Welt!","robots":{"index":"index","follow":"follow","max-snippet":"max-snippet:-1","max-image-preview":"max-image-preview:large","max-video-preview":"max-video-preview:-1"},"canonical":"https:\/\/www.universalchain.net\/de\/history\/","og_locale":"de_DE","og_type":"article","og_title":"Half century exploring & developing in Chain Industrial","og_description":"Established in 1970, with 5 decades growth and expansion, Suzhou Universal Chain has developed and became a giant in Chain industry. Committed to improve our technology and quality. Universal for the Century, Trusted Brand for the World!","og_url":"https:\/\/www.universalchain.net\/de\/history\/","og_site_name":"Professional Manufacturer of Chain Industrial - Universal Transmission","article_publisher":"https:\/\/www.facebook.com\/universalsunzhou","article_modified_time":"2022-03-26T09:03:51+00:00","twitter_card":"summary_large_image","schema":{"@context":"https:\/\/schema.org","@graph":[{"@type":"WebPage","@id":"https:\/\/www.universalchain.net\/history\/","url":"https:\/\/www.universalchain.net\/history\/","name":"Ein halbes Jahrhundert Erforschung und Entwicklung in Chain Industrial","isPartOf":{"@id":"https:\/\/www.universalchain.net\/#website"},"datePublished":"2021-12-14T14:32:36+00:00","dateModified":"2022-03-26T09:03:51+00:00","description":"Gegr\u00fcndet im Jahr 1970, mit 5 Jahrzehnten Wachstum und Expansion, hat sich Suzhou Universal Chain zu einem Giganten in der Kettenindustrie entwickelt und entwickelt. Wir verpflichten uns, unsere Technologie und Qualit\u00e4t zu verbessern. Universal f\u00fcr das Jahrhundert, vertrauensw\u00fcrdige Marke f\u00fcr die Welt!","breadcrumb":{"@id":"https:\/\/www.universalchain.net\/history\/#breadcrumb"},"inLanguage":"de","potentialAction":[{"@type":"ReadAction","target":["https:\/\/www.universalchain.net\/history\/"]}]},{"@type":"BreadcrumbList","@id":"https:\/\/www.universalchain.net\/history\/#breadcrumb","itemListElement":[{"@type":"ListItem","position":1,"name":"Home","item":"https:\/\/www.universalchain.net\/"},{"@type":"ListItem","position":2,"name":"Our History"}]},{"@type":"WebSite","@id":"https:\/\/www.universalchain.net\/#website","url":"https:\/\/www.universalchain.net\/","name":"Professioneller Hersteller von Industrieketten \u2013 Universal-Getriebe","description":"F\u00fchrender Hersteller von Kettengetrieben","publisher":{"@id":"https:\/\/www.universalchain.net\/#organization"},"alternateName":"Universal Chains","potentialAction":[{"@type":"SearchAction","target":{"@type":"EntryPoint","urlTemplate":"https:\/\/www.universalchain.net\/?s={search_term_string}"},"query-input":{"@type":"PropertyValueSpecification","valueRequired":true,"valueName":"search_term_string"}}],"inLanguage":"de"},{"@type":"Organization","@id":"https:\/\/www.universalchain.net\/#organization","name":"Universal-Ketten","url":"https:\/\/www.universalchain.net\/","logo":{"@type":"ImageObject","inLanguage":"de","@id":"https:\/\/www.universalchain.net\/#\/schema\/logo\/image\/","url":"https:\/\/www.universalchain.net\/wp-content\/uploads\/2022\/03\/Stainless-Steel-Chain-\u4e0d\u9508\u94a2\u94fe.png","contentUrl":"https:\/\/www.universalchain.net\/wp-content\/uploads\/2022\/03\/Stainless-Steel-Chain-\u4e0d\u9508\u94a2\u94fe.png","width":512,"height":388,"caption":"Universal Chains"},"image":{"@id":"https:\/\/www.universalchain.net\/#\/schema\/logo\/image\/"},"sameAs":["https:\/\/www.facebook.com\/universalsunzhou"]}]}},"_links":{"self":[{"href":"https:\/\/www.universalchain.net\/de\/wp-json\/wp\/v2\/pages\/30","targetHints":{"allow":["GET"]}}],"collection":[{"href":"https:\/\/www.universalchain.net\/de\/wp-json\/wp\/v2\/pages"}],"about":[{"href":"https:\/\/www.universalchain.net\/de\/wp-json\/wp\/v2\/types\/page"}],"author":[{"embeddable":true,"href":"https:\/\/www.universalchain.net\/de\/wp-json\/wp\/v2\/users\/1"}],"replies":[{"embeddable":true,"href":"https:\/\/www.universalchain.net\/de\/wp-json\/wp\/v2\/comments?post=30"}],"version-history":[{"count":0,"href":"https:\/\/www.universalchain.net\/de\/wp-json\/wp\/v2\/pages\/30\/revisions"}],"wp:attachment":[{"href":"https:\/\/www.universalchain.net\/de\/wp-json\/wp\/v2\/media?parent=30"}],"curies":[{"name":"wp","href":"https:\/\/api.w.org\/{rel}","templated":true}]}}