{"id":59,"date":"2021-12-15T09:43:37","date_gmt":"2021-12-15T09:43:37","guid":{"rendered":"https:\/\/www.universalchain.net\/?page_id=59"},"modified":"2022-03-26T17:07:18","modified_gmt":"2022-03-26T09:07:18","slug":"resources","status":"publish","type":"page","link":"https:\/\/www.universalchain.net\/de\/resources\/","title":{"rendered":"Ressourcen"},"content":{"rendered":"","protected":false},"excerpt":{"rendered":"","protected":false},"author":1,"featured_media":0,"parent":0,"menu_order":0,"comment_status":"closed","ping_status":"closed","template":"","meta":{"footnotes":""},"class_list":["post-59","page","type-page","status-publish","hentry"],"yoast_head":"<!-- This site is optimized with the Yoast SEO plugin v27.5 - https:\/\/yoast.com\/product\/yoast-seo-wordpress\/ -->\n<title>New items Catalogue for drive chain, roller chain, leaf chain and so on.<\/title>\n<meta name=\"description\" content=\"Suzhou Universal R &amp; D team keeps developing new items for customers all over the world to ensure that we keep the flow of new hot selling points. Download Catalogue to check new items!\" \/>\n<meta name=\"robots\" content=\"index, follow, max-snippet:-1, max-image-preview:large, max-video-preview:-1\" \/>\n<link rel=\"canonical\" href=\"https:\/\/www.universalchain.net\/de\/resources\/\" \/>\n<meta property=\"og:locale\" content=\"de_DE\" \/>\n<meta property=\"og:type\" content=\"article\" \/>\n<meta property=\"og:title\" content=\"New items Catalogue for drive chain, roller chain, leaf chain and so on.\" \/>\n<meta property=\"og:description\" content=\"Suzhou Universal R &amp; D team keeps developing new items for customers all over the world to ensure that we keep the flow of new hot selling points. Download Catalogue to check new items!\" \/>\n<meta property=\"og:url\" content=\"https:\/\/www.universalchain.net\/de\/resources\/\" \/>\n<meta property=\"og:site_name\" content=\"Professional Manufacturer of Chain Industrial - Universal Transmission\" \/>\n<meta property=\"article:publisher\" content=\"https:\/\/www.facebook.com\/universalsunzhou\" \/>\n<meta property=\"article:modified_time\" content=\"2022-03-26T09:07:18+00:00\" \/>\n<meta name=\"twitter:card\" content=\"summary_large_image\" \/>\n<script type=\"application\/ld+json\" class=\"yoast-schema-graph\">{\"@context\":\"https:\\\/\\\/schema.org\",\"@graph\":[{\"@type\":\"WebPage\",\"@id\":\"https:\\\/\\\/www.universalchain.net\\\/resources\\\/\",\"url\":\"https:\\\/\\\/www.universalchain.net\\\/resources\\\/\",\"name\":\"New items Catalogue for drive chain, roller chain, leaf chain and so on.\",\"isPartOf\":{\"@id\":\"https:\\\/\\\/www.universalchain.net\\\/#website\"},\"datePublished\":\"2021-12-15T09:43:37+00:00\",\"dateModified\":\"2022-03-26T09:07:18+00:00\",\"description\":\"Suzhou Universal R & D team keeps developing new items for customers all over the world to ensure that we keep the flow of new hot selling points. Download Catalogue to check new items!\",\"breadcrumb\":{\"@id\":\"https:\\\/\\\/www.universalchain.net\\\/resources\\\/#breadcrumb\"},\"inLanguage\":\"de\",\"potentialAction\":[{\"@type\":\"ReadAction\",\"target\":[\"https:\\\/\\\/www.universalchain.net\\\/resources\\\/\"]}]},{\"@type\":\"BreadcrumbList\",\"@id\":\"https:\\\/\\\/www.universalchain.net\\\/resources\\\/#breadcrumb\",\"itemListElement\":[{\"@type\":\"ListItem\",\"position\":1,\"name\":\"Home\",\"item\":\"https:\\\/\\\/www.universalchain.net\\\/\"},{\"@type\":\"ListItem\",\"position\":2,\"name\":\"Resources\"}]},{\"@type\":\"WebSite\",\"@id\":\"https:\\\/\\\/www.universalchain.net\\\/#website\",\"url\":\"https:\\\/\\\/www.universalchain.net\\\/\",\"name\":\"Professional Manufacturer of Chain Industrial - Universal Transmission\",\"description\":\"Leading Chain Transmission Manufacturer\",\"publisher\":{\"@id\":\"https:\\\/\\\/www.universalchain.net\\\/#organization\"},\"alternateName\":\"Universal Chains\",\"potentialAction\":[{\"@type\":\"SearchAction\",\"target\":{\"@type\":\"EntryPoint\",\"urlTemplate\":\"https:\\\/\\\/www.universalchain.net\\\/?s={search_term_string}\"},\"query-input\":{\"@type\":\"PropertyValueSpecification\",\"valueRequired\":true,\"valueName\":\"search_term_string\"}}],\"inLanguage\":\"de\"},{\"@type\":\"Organization\",\"@id\":\"https:\\\/\\\/www.universalchain.net\\\/#organization\",\"name\":\"Universal Chains\",\"url\":\"https:\\\/\\\/www.universalchain.net\\\/\",\"logo\":{\"@type\":\"ImageObject\",\"inLanguage\":\"de\",\"@id\":\"https:\\\/\\\/www.universalchain.net\\\/#\\\/schema\\\/logo\\\/image\\\/\",\"url\":\"https:\\\/\\\/www.universalchain.net\\\/wp-content\\\/uploads\\\/2022\\\/03\\\/Stainless-Steel-Chain-\u4e0d\u9508\u94a2\u94fe.png\",\"contentUrl\":\"https:\\\/\\\/www.universalchain.net\\\/wp-content\\\/uploads\\\/2022\\\/03\\\/Stainless-Steel-Chain-\u4e0d\u9508\u94a2\u94fe.png\",\"width\":512,\"height\":388,\"caption\":\"Universal Chains\"},\"image\":{\"@id\":\"https:\\\/\\\/www.universalchain.net\\\/#\\\/schema\\\/logo\\\/image\\\/\"},\"sameAs\":[\"https:\\\/\\\/www.facebook.com\\\/universalsunzhou\"]}]}<\/script>\n<!-- \/ Yoast SEO plugin. -->","yoast_head_json":{"title":"Neuheiten Katalog f\u00fcr Antriebskette, Rollenkette, Flyerkette und so weiter.","description":"Das Forschungs- und Entwicklungsteam von Suzhou Universal entwickelt st\u00e4ndig neue Artikel f\u00fcr Kunden auf der ganzen Welt, um sicherzustellen, dass wir den Strom neuer hei\u00dfer Verkaufsargumente aufrechterhalten. Laden Sie den Katalog herunter, um neue Artikel zu pr\u00fcfen!","robots":{"index":"index","follow":"follow","max-snippet":"max-snippet:-1","max-image-preview":"max-image-preview:large","max-video-preview":"max-video-preview:-1"},"canonical":"https:\/\/www.universalchain.net\/de\/resources\/","og_locale":"de_DE","og_type":"article","og_title":"New items Catalogue for drive chain, roller chain, leaf chain and so on.","og_description":"Suzhou Universal R & D team keeps developing new items for customers all over the world to ensure that we keep the flow of new hot selling points. Download Catalogue to check new items!","og_url":"https:\/\/www.universalchain.net\/de\/resources\/","og_site_name":"Professional Manufacturer of Chain Industrial - Universal Transmission","article_publisher":"https:\/\/www.facebook.com\/universalsunzhou","article_modified_time":"2022-03-26T09:07:18+00:00","twitter_card":"summary_large_image","schema":{"@context":"https:\/\/schema.org","@graph":[{"@type":"WebPage","@id":"https:\/\/www.universalchain.net\/resources\/","url":"https:\/\/www.universalchain.net\/resources\/","name":"Neuheiten Katalog f\u00fcr Antriebskette, Rollenkette, Flyerkette und so weiter.","isPartOf":{"@id":"https:\/\/www.universalchain.net\/#website"},"datePublished":"2021-12-15T09:43:37+00:00","dateModified":"2022-03-26T09:07:18+00:00","description":"Das Forschungs- und Entwicklungsteam von Suzhou Universal entwickelt st\u00e4ndig neue Artikel f\u00fcr Kunden auf der ganzen Welt, um sicherzustellen, dass wir den Strom neuer hei\u00dfer Verkaufsargumente aufrechterhalten. Laden Sie den Katalog herunter, um neue Artikel zu pr\u00fcfen!","breadcrumb":{"@id":"https:\/\/www.universalchain.net\/resources\/#breadcrumb"},"inLanguage":"de","potentialAction":[{"@type":"ReadAction","target":["https:\/\/www.universalchain.net\/resources\/"]}]},{"@type":"BreadcrumbList","@id":"https:\/\/www.universalchain.net\/resources\/#breadcrumb","itemListElement":[{"@type":"ListItem","position":1,"name":"Home","item":"https:\/\/www.universalchain.net\/"},{"@type":"ListItem","position":2,"name":"Resources"}]},{"@type":"WebSite","@id":"https:\/\/www.universalchain.net\/#website","url":"https:\/\/www.universalchain.net\/","name":"Professioneller Hersteller von Industrieketten \u2013 Universal-Getriebe","description":"F\u00fchrender Hersteller von Kettengetrieben","publisher":{"@id":"https:\/\/www.universalchain.net\/#organization"},"alternateName":"Universal Chains","potentialAction":[{"@type":"SearchAction","target":{"@type":"EntryPoint","urlTemplate":"https:\/\/www.universalchain.net\/?s={search_term_string}"},"query-input":{"@type":"PropertyValueSpecification","valueRequired":true,"valueName":"search_term_string"}}],"inLanguage":"de"},{"@type":"Organization","@id":"https:\/\/www.universalchain.net\/#organization","name":"Universal-Ketten","url":"https:\/\/www.universalchain.net\/","logo":{"@type":"ImageObject","inLanguage":"de","@id":"https:\/\/www.universalchain.net\/#\/schema\/logo\/image\/","url":"https:\/\/www.universalchain.net\/wp-content\/uploads\/2022\/03\/Stainless-Steel-Chain-\u4e0d\u9508\u94a2\u94fe.png","contentUrl":"https:\/\/www.universalchain.net\/wp-content\/uploads\/2022\/03\/Stainless-Steel-Chain-\u4e0d\u9508\u94a2\u94fe.png","width":512,"height":388,"caption":"Universal Chains"},"image":{"@id":"https:\/\/www.universalchain.net\/#\/schema\/logo\/image\/"},"sameAs":["https:\/\/www.facebook.com\/universalsunzhou"]}]}},"_links":{"self":[{"href":"https:\/\/www.universalchain.net\/de\/wp-json\/wp\/v2\/pages\/59","targetHints":{"allow":["GET"]}}],"collection":[{"href":"https:\/\/www.universalchain.net\/de\/wp-json\/wp\/v2\/pages"}],"about":[{"href":"https:\/\/www.universalchain.net\/de\/wp-json\/wp\/v2\/types\/page"}],"author":[{"embeddable":true,"href":"https:\/\/www.universalchain.net\/de\/wp-json\/wp\/v2\/users\/1"}],"replies":[{"embeddable":true,"href":"https:\/\/www.universalchain.net\/de\/wp-json\/wp\/v2\/comments?post=59"}],"version-history":[{"count":0,"href":"https:\/\/www.universalchain.net\/de\/wp-json\/wp\/v2\/pages\/59\/revisions"}],"wp:attachment":[{"href":"https:\/\/www.universalchain.net\/de\/wp-json\/wp\/v2\/media?parent=59"}],"curies":[{"name":"wp","href":"https:\/\/api.w.org\/{rel}","templated":true}]}}