{"id":63,"date":"2021-12-15T10:35:20","date_gmt":"2021-12-15T10:35:20","guid":{"rendered":"https:\/\/www.universalchain.net\/?page_id=63"},"modified":"2024-08-01T09:10:44","modified_gmt":"2024-08-01T01:10:44","slug":"universal-chains","status":"publish","type":"page","link":"https:\/\/www.universalchain.net\/es\/universal-chains\/","title":{"rendered":"Cadenas Universal"},"content":{"rendered":"","protected":false},"excerpt":{"rendered":"","protected":false},"author":1,"featured_media":0,"parent":0,"menu_order":0,"comment_status":"closed","ping_status":"closed","template":"","meta":{"footnotes":""},"class_list":["post-63","page","type-page","status-publish","hentry"],"yoast_head":"<!-- This site is optimized with the Yoast SEO plugin v27.4 - https:\/\/yoast.com\/product\/yoast-seo-wordpress\/ -->\n<title>Industrial Chain for all kinds of fields<\/title>\n<meta name=\"description\" content=\"Universal Chain has a variety of products fit for different fields: Drive Chains, Engineering Chains, Conveyor Chains, Leaf Chains, Escalator chains, Agricultural Machinery Chain, Stainless Steel Chain, Car Parking Chain, etc. Click to know more.\" \/>\n<meta name=\"robots\" content=\"index, follow, max-snippet:-1, max-image-preview:large, max-video-preview:-1\" \/>\n<link rel=\"canonical\" href=\"https:\/\/www.universalchain.net\/es\/universal-chains\/\" \/>\n<meta property=\"og:locale\" content=\"es_ES\" \/>\n<meta property=\"og:type\" content=\"article\" \/>\n<meta property=\"og:title\" content=\"Industrial Chain for all kinds of fields\" \/>\n<meta property=\"og:description\" content=\"Universal Chain has a variety of products fit for different fields: Drive Chains, Engineering Chains, Conveyor Chains, Leaf Chains, Escalator chains, Agricultural Machinery Chain, Stainless Steel Chain, Car Parking Chain, etc. Click to know more.\" \/>\n<meta property=\"og:url\" content=\"https:\/\/www.universalchain.net\/es\/universal-chains\/\" \/>\n<meta property=\"og:site_name\" content=\"Professional Manufacturer of Chain Industrial - Universal Transmission\" \/>\n<meta property=\"article:publisher\" content=\"https:\/\/www.facebook.com\/universalsunzhou\" \/>\n<meta property=\"article:modified_time\" content=\"2024-08-01T01:10:44+00:00\" \/>\n<meta name=\"twitter:card\" content=\"summary_large_image\" \/>\n<script type=\"application\/ld+json\" class=\"yoast-schema-graph\">{\"@context\":\"https:\\\/\\\/schema.org\",\"@graph\":[{\"@type\":\"WebPage\",\"@id\":\"https:\\\/\\\/www.universalchain.net\\\/universal-chains\\\/\",\"url\":\"https:\\\/\\\/www.universalchain.net\\\/universal-chains\\\/\",\"name\":\"Industrial Chain for all kinds of fields\",\"isPartOf\":{\"@id\":\"https:\\\/\\\/www.universalchain.net\\\/#website\"},\"datePublished\":\"2021-12-15T10:35:20+00:00\",\"dateModified\":\"2024-08-01T01:10:44+00:00\",\"description\":\"Universal Chain has a variety of products fit for different fields: Drive Chains, Engineering Chains, Conveyor Chains, Leaf Chains, Escalator chains, Agricultural Machinery Chain, Stainless Steel Chain, Car Parking Chain, etc. Click to know more.\",\"breadcrumb\":{\"@id\":\"https:\\\/\\\/www.universalchain.net\\\/universal-chains\\\/#breadcrumb\"},\"inLanguage\":\"es\",\"potentialAction\":[{\"@type\":\"ReadAction\",\"target\":[\"https:\\\/\\\/www.universalchain.net\\\/universal-chains\\\/\"]}]},{\"@type\":\"BreadcrumbList\",\"@id\":\"https:\\\/\\\/www.universalchain.net\\\/universal-chains\\\/#breadcrumb\",\"itemListElement\":[{\"@type\":\"ListItem\",\"position\":1,\"name\":\"Home\",\"item\":\"https:\\\/\\\/www.universalchain.net\\\/\"},{\"@type\":\"ListItem\",\"position\":2,\"name\":\"Universal Chains\"}]},{\"@type\":\"WebSite\",\"@id\":\"https:\\\/\\\/www.universalchain.net\\\/#website\",\"url\":\"https:\\\/\\\/www.universalchain.net\\\/\",\"name\":\"Professional Manufacturer of Chain Industrial - Universal Transmission\",\"description\":\"Leading Chain Transmission Manufacturer\",\"publisher\":{\"@id\":\"https:\\\/\\\/www.universalchain.net\\\/#organization\"},\"alternateName\":\"Universal Chains\",\"potentialAction\":[{\"@type\":\"SearchAction\",\"target\":{\"@type\":\"EntryPoint\",\"urlTemplate\":\"https:\\\/\\\/www.universalchain.net\\\/?s={search_term_string}\"},\"query-input\":{\"@type\":\"PropertyValueSpecification\",\"valueRequired\":true,\"valueName\":\"search_term_string\"}}],\"inLanguage\":\"es\"},{\"@type\":\"Organization\",\"@id\":\"https:\\\/\\\/www.universalchain.net\\\/#organization\",\"name\":\"Universal Chains\",\"url\":\"https:\\\/\\\/www.universalchain.net\\\/\",\"logo\":{\"@type\":\"ImageObject\",\"inLanguage\":\"es\",\"@id\":\"https:\\\/\\\/www.universalchain.net\\\/#\\\/schema\\\/logo\\\/image\\\/\",\"url\":\"https:\\\/\\\/www.universalchain.net\\\/wp-content\\\/uploads\\\/2022\\\/03\\\/Stainless-Steel-Chain-\u4e0d\u9508\u94a2\u94fe.png\",\"contentUrl\":\"https:\\\/\\\/www.universalchain.net\\\/wp-content\\\/uploads\\\/2022\\\/03\\\/Stainless-Steel-Chain-\u4e0d\u9508\u94a2\u94fe.png\",\"width\":512,\"height\":388,\"caption\":\"Universal Chains\"},\"image\":{\"@id\":\"https:\\\/\\\/www.universalchain.net\\\/#\\\/schema\\\/logo\\\/image\\\/\"},\"sameAs\":[\"https:\\\/\\\/www.facebook.com\\\/universalsunzhou\"]}]}<\/script>\n<!-- \/ Yoast SEO plugin. -->","yoast_head_json":{"title":"Cadena Industrial para todo tipo de rubros","description":"Universal Chain tiene una variedad de productos adecuados para diferentes campos: cadenas de transmisi\u00f3n, cadenas de ingenier\u00eda, cadenas transportadoras, cadenas de hojas, cadenas de escaleras mec\u00e1nicas, cadenas de maquinaria agr\u00edcola, cadenas de acero inoxidable, cadenas de estacionamiento de autom\u00f3viles, etc. Haga clic para saber m\u00e1s.","robots":{"index":"index","follow":"follow","max-snippet":"max-snippet:-1","max-image-preview":"max-image-preview:large","max-video-preview":"max-video-preview:-1"},"canonical":"https:\/\/www.universalchain.net\/es\/universal-chains\/","og_locale":"es_ES","og_type":"article","og_title":"Industrial Chain for all kinds of fields","og_description":"Universal Chain has a variety of products fit for different fields: Drive Chains, Engineering Chains, Conveyor Chains, Leaf Chains, Escalator chains, Agricultural Machinery Chain, Stainless Steel Chain, Car Parking Chain, etc. Click to know more.","og_url":"https:\/\/www.universalchain.net\/es\/universal-chains\/","og_site_name":"Professional Manufacturer of Chain Industrial - Universal Transmission","article_publisher":"https:\/\/www.facebook.com\/universalsunzhou","article_modified_time":"2024-08-01T01:10:44+00:00","twitter_card":"summary_large_image","schema":{"@context":"https:\/\/schema.org","@graph":[{"@type":"WebPage","@id":"https:\/\/www.universalchain.net\/universal-chains\/","url":"https:\/\/www.universalchain.net\/universal-chains\/","name":"Cadena Industrial para todo tipo de rubros","isPartOf":{"@id":"https:\/\/www.universalchain.net\/#website"},"datePublished":"2021-12-15T10:35:20+00:00","dateModified":"2024-08-01T01:10:44+00:00","description":"Universal Chain tiene una variedad de productos adecuados para diferentes campos: cadenas de transmisi\u00f3n, cadenas de ingenier\u00eda, cadenas transportadoras, cadenas de hojas, cadenas de escaleras mec\u00e1nicas, cadenas de maquinaria agr\u00edcola, cadenas de acero inoxidable, cadenas de estacionamiento de autom\u00f3viles, etc. Haga clic para saber m\u00e1s.","breadcrumb":{"@id":"https:\/\/www.universalchain.net\/universal-chains\/#breadcrumb"},"inLanguage":"es","potentialAction":[{"@type":"ReadAction","target":["https:\/\/www.universalchain.net\/universal-chains\/"]}]},{"@type":"BreadcrumbList","@id":"https:\/\/www.universalchain.net\/universal-chains\/#breadcrumb","itemListElement":[{"@type":"ListItem","position":1,"name":"Home","item":"https:\/\/www.universalchain.net\/"},{"@type":"ListItem","position":2,"name":"Universal Chains"}]},{"@type":"WebSite","@id":"https:\/\/www.universalchain.net\/#website","url":"https:\/\/www.universalchain.net\/","name":"Fabricante profesional de cadenas industriales - Transmisi\u00f3n Universal","description":"Fabricante l\u00edder de transmisiones por cadena","publisher":{"@id":"https:\/\/www.universalchain.net\/#organization"},"alternateName":"Universal Chains","potentialAction":[{"@type":"SearchAction","target":{"@type":"EntryPoint","urlTemplate":"https:\/\/www.universalchain.net\/?s={search_term_string}"},"query-input":{"@type":"PropertyValueSpecification","valueRequired":true,"valueName":"search_term_string"}}],"inLanguage":"es"},{"@type":"Organization","@id":"https:\/\/www.universalchain.net\/#organization","name":"Cadenas Universal","url":"https:\/\/www.universalchain.net\/","logo":{"@type":"ImageObject","inLanguage":"es","@id":"https:\/\/www.universalchain.net\/#\/schema\/logo\/image\/","url":"https:\/\/www.universalchain.net\/wp-content\/uploads\/2022\/03\/Stainless-Steel-Chain-\u4e0d\u9508\u94a2\u94fe.png","contentUrl":"https:\/\/www.universalchain.net\/wp-content\/uploads\/2022\/03\/Stainless-Steel-Chain-\u4e0d\u9508\u94a2\u94fe.png","width":512,"height":388,"caption":"Universal Chains"},"image":{"@id":"https:\/\/www.universalchain.net\/#\/schema\/logo\/image\/"},"sameAs":["https:\/\/www.facebook.com\/universalsunzhou"]}]}},"_links":{"self":[{"href":"https:\/\/www.universalchain.net\/es\/wp-json\/wp\/v2\/pages\/63","targetHints":{"allow":["GET"]}}],"collection":[{"href":"https:\/\/www.universalchain.net\/es\/wp-json\/wp\/v2\/pages"}],"about":[{"href":"https:\/\/www.universalchain.net\/es\/wp-json\/wp\/v2\/types\/page"}],"author":[{"embeddable":true,"href":"https:\/\/www.universalchain.net\/es\/wp-json\/wp\/v2\/users\/1"}],"replies":[{"embeddable":true,"href":"https:\/\/www.universalchain.net\/es\/wp-json\/wp\/v2\/comments?post=63"}],"version-history":[{"count":0,"href":"https:\/\/www.universalchain.net\/es\/wp-json\/wp\/v2\/pages\/63\/revisions"}],"wp:attachment":[{"href":"https:\/\/www.universalchain.net\/es\/wp-json\/wp\/v2\/media?parent=63"}],"curies":[{"name":"gracias","href":"https:\/\/api.w.org\/{rel}","templated":true}]}}