{"id":47,"date":"2021-12-15T07:46:47","date_gmt":"2021-12-15T07:46:47","guid":{"rendered":"https:\/\/www.universalchain.net\/?page_id=47"},"modified":"2022-03-26T17:06:20","modified_gmt":"2022-03-26T09:06:20","slug":"quality-control","status":"publish","type":"page","link":"https:\/\/www.universalchain.net\/fr\/quality-control\/","title":{"rendered":"Contr\u00f4le de qualit\u00e9"},"content":{"rendered":"","protected":false},"excerpt":{"rendered":"","protected":false},"author":1,"featured_media":0,"parent":0,"menu_order":0,"comment_status":"closed","ping_status":"closed","template":"","meta":{"footnotes":""},"class_list":["post-47","page","type-page","status-publish","hentry"],"yoast_head":"<!-- This site is optimized with the Yoast SEO plugin v27.5 - https:\/\/yoast.com\/product\/yoast-seo-wordpress\/ -->\n<title>Complete inspection System for industrial chain<\/title>\n<meta name=\"description\" content=\"Suzhou Universal has 50+ sets of various types of inspection and testing equipment for completed chains and chain components. With Complete Quality Control System contains Incoming Quality Control, Process Inspection, Finished Product Inspection and Reaction Against Exceptions.\" \/>\n<meta name=\"robots\" content=\"index, follow, max-snippet:-1, max-image-preview:large, max-video-preview:-1\" \/>\n<link rel=\"canonical\" href=\"https:\/\/www.universalchain.net\/fr\/quality-control\/\" \/>\n<meta property=\"og:locale\" content=\"fr_FR\" \/>\n<meta property=\"og:type\" content=\"article\" \/>\n<meta property=\"og:title\" content=\"Complete inspection System for industrial chain\" \/>\n<meta property=\"og:description\" content=\"Suzhou Universal has 50+ sets of various types of inspection and testing equipment for completed chains and chain components. With Complete Quality Control System contains Incoming Quality Control, Process Inspection, Finished Product Inspection and Reaction Against Exceptions.\" \/>\n<meta property=\"og:url\" content=\"https:\/\/www.universalchain.net\/fr\/quality-control\/\" \/>\n<meta property=\"og:site_name\" content=\"Professional Manufacturer of Chain Industrial - Universal Transmission\" \/>\n<meta property=\"article:publisher\" content=\"https:\/\/www.facebook.com\/universalsunzhou\" \/>\n<meta property=\"article:modified_time\" content=\"2022-03-26T09:06:20+00:00\" \/>\n<meta name=\"twitter:card\" content=\"summary_large_image\" \/>\n<script type=\"application\/ld+json\" class=\"yoast-schema-graph\">{\"@context\":\"https:\\\/\\\/schema.org\",\"@graph\":[{\"@type\":\"WebPage\",\"@id\":\"https:\\\/\\\/www.universalchain.net\\\/quality-control\\\/\",\"url\":\"https:\\\/\\\/www.universalchain.net\\\/quality-control\\\/\",\"name\":\"Complete inspection System for industrial chain\",\"isPartOf\":{\"@id\":\"https:\\\/\\\/www.universalchain.net\\\/#website\"},\"datePublished\":\"2021-12-15T07:46:47+00:00\",\"dateModified\":\"2022-03-26T09:06:20+00:00\",\"description\":\"Suzhou Universal has 50+ sets of various types of inspection and testing equipment for completed chains and chain components. With Complete Quality Control System contains Incoming Quality Control, Process Inspection, Finished Product Inspection and Reaction Against Exceptions.\",\"breadcrumb\":{\"@id\":\"https:\\\/\\\/www.universalchain.net\\\/quality-control\\\/#breadcrumb\"},\"inLanguage\":\"fr-FR\",\"potentialAction\":[{\"@type\":\"ReadAction\",\"target\":[\"https:\\\/\\\/www.universalchain.net\\\/quality-control\\\/\"]}]},{\"@type\":\"BreadcrumbList\",\"@id\":\"https:\\\/\\\/www.universalchain.net\\\/quality-control\\\/#breadcrumb\",\"itemListElement\":[{\"@type\":\"ListItem\",\"position\":1,\"name\":\"Home\",\"item\":\"https:\\\/\\\/www.universalchain.net\\\/\"},{\"@type\":\"ListItem\",\"position\":2,\"name\":\"Quality Control\"}]},{\"@type\":\"WebSite\",\"@id\":\"https:\\\/\\\/www.universalchain.net\\\/#website\",\"url\":\"https:\\\/\\\/www.universalchain.net\\\/\",\"name\":\"Professional Manufacturer of Chain Industrial - Universal Transmission\",\"description\":\"Leading Chain Transmission Manufacturer\",\"publisher\":{\"@id\":\"https:\\\/\\\/www.universalchain.net\\\/#organization\"},\"alternateName\":\"Universal Chains\",\"potentialAction\":[{\"@type\":\"SearchAction\",\"target\":{\"@type\":\"EntryPoint\",\"urlTemplate\":\"https:\\\/\\\/www.universalchain.net\\\/?s={search_term_string}\"},\"query-input\":{\"@type\":\"PropertyValueSpecification\",\"valueRequired\":true,\"valueName\":\"search_term_string\"}}],\"inLanguage\":\"fr-FR\"},{\"@type\":\"Organization\",\"@id\":\"https:\\\/\\\/www.universalchain.net\\\/#organization\",\"name\":\"Universal Chains\",\"url\":\"https:\\\/\\\/www.universalchain.net\\\/\",\"logo\":{\"@type\":\"ImageObject\",\"inLanguage\":\"fr-FR\",\"@id\":\"https:\\\/\\\/www.universalchain.net\\\/#\\\/schema\\\/logo\\\/image\\\/\",\"url\":\"https:\\\/\\\/www.universalchain.net\\\/wp-content\\\/uploads\\\/2022\\\/03\\\/Stainless-Steel-Chain-\u4e0d\u9508\u94a2\u94fe.png\",\"contentUrl\":\"https:\\\/\\\/www.universalchain.net\\\/wp-content\\\/uploads\\\/2022\\\/03\\\/Stainless-Steel-Chain-\u4e0d\u9508\u94a2\u94fe.png\",\"width\":512,\"height\":388,\"caption\":\"Universal Chains\"},\"image\":{\"@id\":\"https:\\\/\\\/www.universalchain.net\\\/#\\\/schema\\\/logo\\\/image\\\/\"},\"sameAs\":[\"https:\\\/\\\/www.facebook.com\\\/universalsunzhou\"]}]}<\/script>\n<!-- \/ Yoast SEO plugin. -->","yoast_head_json":{"title":"Syst\u00e8me d&#039;inspection complet pour cha\u00eene industrielle","description":"Suzhou Universal dispose de plus de 50 ensembles de diff\u00e9rents types d&#039;\u00e9quipements d&#039;inspection et de test pour les cha\u00eenes compl\u00e8tes et les composants de cha\u00eene. Avec un syst\u00e8me de contr\u00f4le de la qualit\u00e9 complet, il contient le contr\u00f4le de la qualit\u00e9 entrant, l&#039;inspection des processus, l&#039;inspection du produit fini et la r\u00e9action aux exceptions.","robots":{"index":"index","follow":"follow","max-snippet":"max-snippet:-1","max-image-preview":"max-image-preview:large","max-video-preview":"max-video-preview:-1"},"canonical":"https:\/\/www.universalchain.net\/fr\/quality-control\/","og_locale":"fr_FR","og_type":"article","og_title":"Complete inspection System for industrial chain","og_description":"Suzhou Universal has 50+ sets of various types of inspection and testing equipment for completed chains and chain components. With Complete Quality Control System contains Incoming Quality Control, Process Inspection, Finished Product Inspection and Reaction Against Exceptions.","og_url":"https:\/\/www.universalchain.net\/fr\/quality-control\/","og_site_name":"Professional Manufacturer of Chain Industrial - Universal Transmission","article_publisher":"https:\/\/www.facebook.com\/universalsunzhou","article_modified_time":"2022-03-26T09:06:20+00:00","twitter_card":"summary_large_image","schema":{"@context":"https:\/\/schema.org","@graph":[{"@type":"WebPage","@id":"https:\/\/www.universalchain.net\/quality-control\/","url":"https:\/\/www.universalchain.net\/quality-control\/","name":"Syst\u00e8me d&#039;inspection complet pour cha\u00eene industrielle","isPartOf":{"@id":"https:\/\/www.universalchain.net\/#website"},"datePublished":"2021-12-15T07:46:47+00:00","dateModified":"2022-03-26T09:06:20+00:00","description":"Suzhou Universal dispose de plus de 50 ensembles de diff\u00e9rents types d&#039;\u00e9quipements d&#039;inspection et de test pour les cha\u00eenes compl\u00e8tes et les composants de cha\u00eene. Avec un syst\u00e8me de contr\u00f4le de la qualit\u00e9 complet, il contient le contr\u00f4le de la qualit\u00e9 entrant, l&#039;inspection des processus, l&#039;inspection du produit fini et la r\u00e9action aux exceptions.","breadcrumb":{"@id":"https:\/\/www.universalchain.net\/quality-control\/#breadcrumb"},"inLanguage":"fr-FR","potentialAction":[{"@type":"ReadAction","target":["https:\/\/www.universalchain.net\/quality-control\/"]}]},{"@type":"BreadcrumbList","@id":"https:\/\/www.universalchain.net\/quality-control\/#breadcrumb","itemListElement":[{"@type":"ListItem","position":1,"name":"Home","item":"https:\/\/www.universalchain.net\/"},{"@type":"ListItem","position":2,"name":"Quality Control"}]},{"@type":"WebSite","@id":"https:\/\/www.universalchain.net\/#website","url":"https:\/\/www.universalchain.net\/","name":"Fabricant professionnel de cha\u00eene industrielle - Transmission Universal","description":"Premier fabricant de transmission par cha\u00eene","publisher":{"@id":"https:\/\/www.universalchain.net\/#organization"},"alternateName":"Universal Chains","potentialAction":[{"@type":"SearchAction","target":{"@type":"EntryPoint","urlTemplate":"https:\/\/www.universalchain.net\/?s={search_term_string}"},"query-input":{"@type":"PropertyValueSpecification","valueRequired":true,"valueName":"search_term_string"}}],"inLanguage":"fr-FR"},{"@type":"Organization","@id":"https:\/\/www.universalchain.net\/#organization","name":"Cha\u00eenes Universal","url":"https:\/\/www.universalchain.net\/","logo":{"@type":"ImageObject","inLanguage":"fr-FR","@id":"https:\/\/www.universalchain.net\/#\/schema\/logo\/image\/","url":"https:\/\/www.universalchain.net\/wp-content\/uploads\/2022\/03\/Stainless-Steel-Chain-\u4e0d\u9508\u94a2\u94fe.png","contentUrl":"https:\/\/www.universalchain.net\/wp-content\/uploads\/2022\/03\/Stainless-Steel-Chain-\u4e0d\u9508\u94a2\u94fe.png","width":512,"height":388,"caption":"Universal Chains"},"image":{"@id":"https:\/\/www.universalchain.net\/#\/schema\/logo\/image\/"},"sameAs":["https:\/\/www.facebook.com\/universalsunzhou"]}]}},"_links":{"self":[{"href":"https:\/\/www.universalchain.net\/fr\/wp-json\/wp\/v2\/pages\/47","targetHints":{"allow":["GET"]}}],"collection":[{"href":"https:\/\/www.universalchain.net\/fr\/wp-json\/wp\/v2\/pages"}],"about":[{"href":"https:\/\/www.universalchain.net\/fr\/wp-json\/wp\/v2\/types\/page"}],"author":[{"embeddable":true,"href":"https:\/\/www.universalchain.net\/fr\/wp-json\/wp\/v2\/users\/1"}],"replies":[{"embeddable":true,"href":"https:\/\/www.universalchain.net\/fr\/wp-json\/wp\/v2\/comments?post=47"}],"version-history":[{"count":0,"href":"https:\/\/www.universalchain.net\/fr\/wp-json\/wp\/v2\/pages\/47\/revisions"}],"wp:attachment":[{"href":"https:\/\/www.universalchain.net\/fr\/wp-json\/wp\/v2\/media?parent=47"}],"curies":[{"name":"wp","href":"https:\/\/api.w.org\/{rel}","templated":true}]}}