{"id":37,"date":"2021-12-15T02:50:19","date_gmt":"2021-12-15T02:50:19","guid":{"rendered":"https:\/\/www.universalchain.net\/?page_id=37"},"modified":"2022-03-26T17:00:10","modified_gmt":"2022-03-26T09:00:10","slug":"certificates","status":"publish","type":"page","link":"https:\/\/www.universalchain.net\/pt\/certificates\/","title":{"rendered":"certificados"},"content":{"rendered":"","protected":false},"excerpt":{"rendered":"","protected":false},"author":1,"featured_media":0,"parent":0,"menu_order":0,"comment_status":"closed","ping_status":"closed","template":"","meta":{"footnotes":""},"class_list":["post-37","page","type-page","status-publish","hentry"],"yoast_head":"<!-- This site is optimized with the Yoast SEO plugin v27.6 - https:\/\/yoast.com\/product\/yoast-seo-wordpress\/ -->\n<title>Meet thousands of quality standards for industrial chain<\/title>\n<meta name=\"description\" content=\"To meet the strict quality levels required by various clients,Suzhou Universal Chain has achieve certification by ISO9001, ISO14000, ISO45001, ISO50001, IATF16949, and CSAIII. Also some major districts in the global market, including API, KS, etc.\" \/>\n<meta name=\"robots\" content=\"index, follow, max-snippet:-1, max-image-preview:large, max-video-preview:-1\" \/>\n<link rel=\"canonical\" href=\"https:\/\/www.universalchain.net\/pt\/certificates\/\" \/>\n<meta property=\"og:locale\" content=\"pt_BR\" \/>\n<meta property=\"og:type\" content=\"article\" \/>\n<meta property=\"og:title\" content=\"Meet thousands of quality standards for industrial chain\" \/>\n<meta property=\"og:description\" content=\"To meet the strict quality levels required by various clients,Suzhou Universal Chain has achieve certification by ISO9001, ISO14000, ISO45001, ISO50001, IATF16949, and CSAIII. Also some major districts in the global market, including API, KS, etc.\" \/>\n<meta property=\"og:url\" content=\"https:\/\/www.universalchain.net\/pt\/certificates\/\" \/>\n<meta property=\"og:site_name\" content=\"Professional Manufacturer of Chain Industrial - Universal Transmission\" \/>\n<meta property=\"article:publisher\" content=\"https:\/\/www.facebook.com\/universalsunzhou\" \/>\n<meta property=\"article:modified_time\" content=\"2022-03-26T09:00:10+00:00\" \/>\n<meta name=\"twitter:card\" content=\"summary_large_image\" \/>\n<script type=\"application\/ld+json\" class=\"yoast-schema-graph\">{\"@context\":\"https:\\\/\\\/schema.org\",\"@graph\":[{\"@type\":\"WebPage\",\"@id\":\"https:\\\/\\\/www.universalchain.net\\\/certificates\\\/\",\"url\":\"https:\\\/\\\/www.universalchain.net\\\/certificates\\\/\",\"name\":\"Meet thousands of quality standards for industrial chain\",\"isPartOf\":{\"@id\":\"https:\\\/\\\/www.universalchain.net\\\/#website\"},\"datePublished\":\"2021-12-15T02:50:19+00:00\",\"dateModified\":\"2022-03-26T09:00:10+00:00\",\"description\":\"To meet the strict quality levels required by various clients,Suzhou Universal Chain has achieve certification by ISO9001, ISO14000, ISO45001, ISO50001, IATF16949, and CSAIII. Also some major districts in the global market, including API, KS, etc.\",\"breadcrumb\":{\"@id\":\"https:\\\/\\\/www.universalchain.net\\\/certificates\\\/#breadcrumb\"},\"inLanguage\":\"pt-BR\",\"potentialAction\":[{\"@type\":\"ReadAction\",\"target\":[\"https:\\\/\\\/www.universalchain.net\\\/certificates\\\/\"]}]},{\"@type\":\"BreadcrumbList\",\"@id\":\"https:\\\/\\\/www.universalchain.net\\\/certificates\\\/#breadcrumb\",\"itemListElement\":[{\"@type\":\"ListItem\",\"position\":1,\"name\":\"Home\",\"item\":\"https:\\\/\\\/www.universalchain.net\\\/\"},{\"@type\":\"ListItem\",\"position\":2,\"name\":\"Certificates\"}]},{\"@type\":\"WebSite\",\"@id\":\"https:\\\/\\\/www.universalchain.net\\\/#website\",\"url\":\"https:\\\/\\\/www.universalchain.net\\\/\",\"name\":\"Professional Manufacturer of Chain Industrial - Universal Transmission\",\"description\":\"Leading Chain Transmission Manufacturer\",\"publisher\":{\"@id\":\"https:\\\/\\\/www.universalchain.net\\\/#organization\"},\"alternateName\":\"Universal Chains\",\"potentialAction\":[{\"@type\":\"SearchAction\",\"target\":{\"@type\":\"EntryPoint\",\"urlTemplate\":\"https:\\\/\\\/www.universalchain.net\\\/?s={search_term_string}\"},\"query-input\":{\"@type\":\"PropertyValueSpecification\",\"valueRequired\":true,\"valueName\":\"search_term_string\"}}],\"inLanguage\":\"pt-BR\"},{\"@type\":\"Organization\",\"@id\":\"https:\\\/\\\/www.universalchain.net\\\/#organization\",\"name\":\"Universal Chains\",\"url\":\"https:\\\/\\\/www.universalchain.net\\\/\",\"logo\":{\"@type\":\"ImageObject\",\"inLanguage\":\"pt-BR\",\"@id\":\"https:\\\/\\\/www.universalchain.net\\\/#\\\/schema\\\/logo\\\/image\\\/\",\"url\":\"https:\\\/\\\/www.universalchain.net\\\/wp-content\\\/uploads\\\/2022\\\/03\\\/Stainless-Steel-Chain-\u4e0d\u9508\u94a2\u94fe.png\",\"contentUrl\":\"https:\\\/\\\/www.universalchain.net\\\/wp-content\\\/uploads\\\/2022\\\/03\\\/Stainless-Steel-Chain-\u4e0d\u9508\u94a2\u94fe.png\",\"width\":512,\"height\":388,\"caption\":\"Universal Chains\"},\"image\":{\"@id\":\"https:\\\/\\\/www.universalchain.net\\\/#\\\/schema\\\/logo\\\/image\\\/\"},\"sameAs\":[\"https:\\\/\\\/www.facebook.com\\\/universalsunzhou\"]}]}<\/script>\n<!-- \/ Yoast SEO plugin. -->","yoast_head_json":{"title":"Atende a milhares de padr\u00f5es de qualidade para cadeias industriais","description":"Para atender aos rigorosos n\u00edveis de qualidade exigidos por v\u00e1rios clientes, a Suzhou Universal Chain obteve a certifica\u00e7\u00e3o ISO9001, ISO14000, ISO45001, ISO50001, IATF16949 e CSAIII. Tamb\u00e9m alguns dos principais distritos do mercado global, incluindo API, KS, etc.","robots":{"index":"index","follow":"follow","max-snippet":"max-snippet:-1","max-image-preview":"max-image-preview:large","max-video-preview":"max-video-preview:-1"},"canonical":"https:\/\/www.universalchain.net\/pt\/certificates\/","og_locale":"pt_BR","og_type":"article","og_title":"Meet thousands of quality standards for industrial chain","og_description":"To meet the strict quality levels required by various clients,Suzhou Universal Chain has achieve certification by ISO9001, ISO14000, ISO45001, ISO50001, IATF16949, and CSAIII. Also some major districts in the global market, including API, KS, etc.","og_url":"https:\/\/www.universalchain.net\/pt\/certificates\/","og_site_name":"Professional Manufacturer of Chain Industrial - Universal Transmission","article_publisher":"https:\/\/www.facebook.com\/universalsunzhou","article_modified_time":"2022-03-26T09:00:10+00:00","twitter_card":"summary_large_image","schema":{"@context":"https:\/\/schema.org","@graph":[{"@type":"WebPage","@id":"https:\/\/www.universalchain.net\/certificates\/","url":"https:\/\/www.universalchain.net\/certificates\/","name":"Atende a milhares de padr\u00f5es de qualidade para cadeias industriais","isPartOf":{"@id":"https:\/\/www.universalchain.net\/#website"},"datePublished":"2021-12-15T02:50:19+00:00","dateModified":"2022-03-26T09:00:10+00:00","description":"Para atender aos rigorosos n\u00edveis de qualidade exigidos por v\u00e1rios clientes, a Suzhou Universal Chain obteve a certifica\u00e7\u00e3o ISO9001, ISO14000, ISO45001, ISO50001, IATF16949 e CSAIII. Tamb\u00e9m alguns dos principais distritos do mercado global, incluindo API, KS, etc.","breadcrumb":{"@id":"https:\/\/www.universalchain.net\/certificates\/#breadcrumb"},"inLanguage":"pt-BR","potentialAction":[{"@type":"ReadAction","target":["https:\/\/www.universalchain.net\/certificates\/"]}]},{"@type":"BreadcrumbList","@id":"https:\/\/www.universalchain.net\/certificates\/#breadcrumb","itemListElement":[{"@type":"ListItem","position":1,"name":"Home","item":"https:\/\/www.universalchain.net\/"},{"@type":"ListItem","position":2,"name":"Certificates"}]},{"@type":"WebSite","@id":"https:\/\/www.universalchain.net\/#website","url":"https:\/\/www.universalchain.net\/","name":"Fabricante Profissional de Corrente Industrial - Transmiss\u00e3o Universal","description":"Fabricante l\u00edder de transmiss\u00e3o de corrente","publisher":{"@id":"https:\/\/www.universalchain.net\/#organization"},"alternateName":"Universal Chains","potentialAction":[{"@type":"SearchAction","target":{"@type":"EntryPoint","urlTemplate":"https:\/\/www.universalchain.net\/?s={search_term_string}"},"query-input":{"@type":"PropertyValueSpecification","valueRequired":true,"valueName":"search_term_string"}}],"inLanguage":"pt-BR"},{"@type":"Organization","@id":"https:\/\/www.universalchain.net\/#organization","name":"Correntes Universal","url":"https:\/\/www.universalchain.net\/","logo":{"@type":"ImageObject","inLanguage":"pt-BR","@id":"https:\/\/www.universalchain.net\/#\/schema\/logo\/image\/","url":"https:\/\/www.universalchain.net\/wp-content\/uploads\/2022\/03\/Stainless-Steel-Chain-\u4e0d\u9508\u94a2\u94fe.png","contentUrl":"https:\/\/www.universalchain.net\/wp-content\/uploads\/2022\/03\/Stainless-Steel-Chain-\u4e0d\u9508\u94a2\u94fe.png","width":512,"height":388,"caption":"Universal Chains"},"image":{"@id":"https:\/\/www.universalchain.net\/#\/schema\/logo\/image\/"},"sameAs":["https:\/\/www.facebook.com\/universalsunzhou"]}]}},"_links":{"self":[{"href":"https:\/\/www.universalchain.net\/pt\/wp-json\/wp\/v2\/pages\/37","targetHints":{"allow":["GET"]}}],"collection":[{"href":"https:\/\/www.universalchain.net\/pt\/wp-json\/wp\/v2\/pages"}],"about":[{"href":"https:\/\/www.universalchain.net\/pt\/wp-json\/wp\/v2\/types\/page"}],"author":[{"embeddable":true,"href":"https:\/\/www.universalchain.net\/pt\/wp-json\/wp\/v2\/users\/1"}],"replies":[{"embeddable":true,"href":"https:\/\/www.universalchain.net\/pt\/wp-json\/wp\/v2\/comments?post=37"}],"version-history":[{"count":0,"href":"https:\/\/www.universalchain.net\/pt\/wp-json\/wp\/v2\/pages\/37\/revisions"}],"wp:attachment":[{"href":"https:\/\/www.universalchain.net\/pt\/wp-json\/wp\/v2\/media?parent=37"}],"curies":[{"name":"wp","href":"https:\/\/api.w.org\/{rel}","templated":true}]}}