{"id":73,"date":"2021-12-15T14:23:45","date_gmt":"2021-12-15T14:23:45","guid":{"rendered":"https:\/\/www.universalchain.net\/?page_id=73"},"modified":"2022-03-26T17:05:21","modified_gmt":"2022-03-26T09:05:21","slug":"product","status":"publish","type":"page","link":"https:\/\/www.universalchain.net\/pt\/product\/","title":{"rendered":"produtos"},"content":{"rendered":"","protected":false},"excerpt":{"rendered":"","protected":false},"author":1,"featured_media":0,"parent":0,"menu_order":0,"comment_status":"closed","ping_status":"closed","template":"","meta":{"footnotes":""},"class_list":["post-73","page","type-page","status-publish","hentry"],"yoast_head":"<!-- This site is optimized with the Yoast SEO plugin v27.4 - https:\/\/yoast.com\/product\/yoast-seo-wordpress\/ -->\n<title>Industrial chain for all kinds of fields, drive chain, roller chain, etc<\/title>\n<meta name=\"description\" content=\"Suzhou Universal Chain has a variety of products fit for different fields: Drive Chains, Engineering Chains, Conveyor Chains, Leaf Chains, Escalator chains, Agricultural Machinery Chain, Stainless Steel Chain, Car Parking Chain, etc. Click to know more.\" \/>\n<meta name=\"robots\" content=\"index, follow, max-snippet:-1, max-image-preview:large, max-video-preview:-1\" \/>\n<link rel=\"canonical\" href=\"https:\/\/www.universalchain.net\/pt\/product\/\" \/>\n<meta property=\"og:locale\" content=\"pt_BR\" \/>\n<meta property=\"og:type\" content=\"article\" \/>\n<meta property=\"og:title\" content=\"Industrial chain for all kinds of fields, drive chain, roller chain, etc\" \/>\n<meta property=\"og:description\" content=\"Suzhou Universal Chain has a variety of products fit for different fields: Drive Chains, Engineering Chains, Conveyor Chains, Leaf Chains, Escalator chains, Agricultural Machinery Chain, Stainless Steel Chain, Car Parking Chain, etc. Click to know more.\" \/>\n<meta property=\"og:url\" content=\"https:\/\/www.universalchain.net\/pt\/product\/\" \/>\n<meta property=\"og:site_name\" content=\"Professional Manufacturer of Chain Industrial - Universal Transmission\" \/>\n<meta property=\"article:publisher\" content=\"https:\/\/www.facebook.com\/universalsunzhou\" \/>\n<meta property=\"article:modified_time\" content=\"2022-03-26T09:05:21+00:00\" \/>\n<meta name=\"twitter:card\" content=\"summary_large_image\" \/>\n<script type=\"application\/ld+json\" class=\"yoast-schema-graph\">{\"@context\":\"https:\\\/\\\/schema.org\",\"@graph\":[{\"@type\":\"WebPage\",\"@id\":\"https:\\\/\\\/www.universalchain.net\\\/product\\\/\",\"url\":\"https:\\\/\\\/www.universalchain.net\\\/product\\\/\",\"name\":\"Industrial chain for all kinds of fields, drive chain, roller chain, etc\",\"isPartOf\":{\"@id\":\"https:\\\/\\\/www.universalchain.net\\\/#website\"},\"datePublished\":\"2021-12-15T14:23:45+00:00\",\"dateModified\":\"2022-03-26T09:05:21+00:00\",\"description\":\"Suzhou Universal Chain has a variety of products fit for different fields: Drive Chains, Engineering Chains, Conveyor Chains, Leaf Chains, Escalator chains, Agricultural Machinery Chain, Stainless Steel Chain, Car Parking Chain, etc. Click to know more.\",\"breadcrumb\":{\"@id\":\"https:\\\/\\\/www.universalchain.net\\\/product\\\/#breadcrumb\"},\"inLanguage\":\"pt-BR\",\"potentialAction\":[{\"@type\":\"ReadAction\",\"target\":[\"https:\\\/\\\/www.universalchain.net\\\/product\\\/\"]}]},{\"@type\":\"BreadcrumbList\",\"@id\":\"https:\\\/\\\/www.universalchain.net\\\/product\\\/#breadcrumb\",\"itemListElement\":[{\"@type\":\"ListItem\",\"position\":1,\"name\":\"Home\",\"item\":\"https:\\\/\\\/www.universalchain.net\\\/\"},{\"@type\":\"ListItem\",\"position\":2,\"name\":\"Product\"}]},{\"@type\":\"WebSite\",\"@id\":\"https:\\\/\\\/www.universalchain.net\\\/#website\",\"url\":\"https:\\\/\\\/www.universalchain.net\\\/\",\"name\":\"Professional Manufacturer of Chain Industrial - Universal Transmission\",\"description\":\"Leading Chain Transmission Manufacturer\",\"publisher\":{\"@id\":\"https:\\\/\\\/www.universalchain.net\\\/#organization\"},\"alternateName\":\"Universal Chains\",\"potentialAction\":[{\"@type\":\"SearchAction\",\"target\":{\"@type\":\"EntryPoint\",\"urlTemplate\":\"https:\\\/\\\/www.universalchain.net\\\/?s={search_term_string}\"},\"query-input\":{\"@type\":\"PropertyValueSpecification\",\"valueRequired\":true,\"valueName\":\"search_term_string\"}}],\"inLanguage\":\"pt-BR\"},{\"@type\":\"Organization\",\"@id\":\"https:\\\/\\\/www.universalchain.net\\\/#organization\",\"name\":\"Universal Chains\",\"url\":\"https:\\\/\\\/www.universalchain.net\\\/\",\"logo\":{\"@type\":\"ImageObject\",\"inLanguage\":\"pt-BR\",\"@id\":\"https:\\\/\\\/www.universalchain.net\\\/#\\\/schema\\\/logo\\\/image\\\/\",\"url\":\"https:\\\/\\\/www.universalchain.net\\\/wp-content\\\/uploads\\\/2022\\\/03\\\/Stainless-Steel-Chain-\u4e0d\u9508\u94a2\u94fe.png\",\"contentUrl\":\"https:\\\/\\\/www.universalchain.net\\\/wp-content\\\/uploads\\\/2022\\\/03\\\/Stainless-Steel-Chain-\u4e0d\u9508\u94a2\u94fe.png\",\"width\":512,\"height\":388,\"caption\":\"Universal Chains\"},\"image\":{\"@id\":\"https:\\\/\\\/www.universalchain.net\\\/#\\\/schema\\\/logo\\\/image\\\/\"},\"sameAs\":[\"https:\\\/\\\/www.facebook.com\\\/universalsunzhou\"]}]}<\/script>\n<!-- \/ Yoast SEO plugin. -->","yoast_head_json":{"title":"Corrente industrial para todos os tipos de campos, corrente de transmiss\u00e3o, corrente de rolos, etc","description":"A Suzhou Universal Chain tem uma variedade de produtos adequados para diferentes campos: Correntes de Transmiss\u00e3o, Correntes de Engenharia, Correntes Transportadoras, Correntes de Folhas, Correntes para Escadas Rolantes, Correntes para M\u00e1quinas Agr\u00edcolas, Correntes de A\u00e7o Inoxid\u00e1vel, Correntes para Estacionamento de Carros, etc. Clique para saber mais.","robots":{"index":"index","follow":"follow","max-snippet":"max-snippet:-1","max-image-preview":"max-image-preview:large","max-video-preview":"max-video-preview:-1"},"canonical":"https:\/\/www.universalchain.net\/pt\/product\/","og_locale":"pt_BR","og_type":"article","og_title":"Industrial chain for all kinds of fields, drive chain, roller chain, etc","og_description":"Suzhou Universal Chain has a variety of products fit for different fields: Drive Chains, Engineering Chains, Conveyor Chains, Leaf Chains, Escalator chains, Agricultural Machinery Chain, Stainless Steel Chain, Car Parking Chain, etc. Click to know more.","og_url":"https:\/\/www.universalchain.net\/pt\/product\/","og_site_name":"Professional Manufacturer of Chain Industrial - Universal Transmission","article_publisher":"https:\/\/www.facebook.com\/universalsunzhou","article_modified_time":"2022-03-26T09:05:21+00:00","twitter_card":"summary_large_image","schema":{"@context":"https:\/\/schema.org","@graph":[{"@type":"WebPage","@id":"https:\/\/www.universalchain.net\/product\/","url":"https:\/\/www.universalchain.net\/product\/","name":"Corrente industrial para todos os tipos de campos, corrente de transmiss\u00e3o, corrente de rolos, etc","isPartOf":{"@id":"https:\/\/www.universalchain.net\/#website"},"datePublished":"2021-12-15T14:23:45+00:00","dateModified":"2022-03-26T09:05:21+00:00","description":"A Suzhou Universal Chain tem uma variedade de produtos adequados para diferentes campos: Correntes de Transmiss\u00e3o, Correntes de Engenharia, Correntes Transportadoras, Correntes de Folhas, Correntes para Escadas Rolantes, Correntes para M\u00e1quinas Agr\u00edcolas, Correntes de A\u00e7o Inoxid\u00e1vel, Correntes para Estacionamento de Carros, etc. Clique para saber mais.","breadcrumb":{"@id":"https:\/\/www.universalchain.net\/product\/#breadcrumb"},"inLanguage":"pt-BR","potentialAction":[{"@type":"ReadAction","target":["https:\/\/www.universalchain.net\/product\/"]}]},{"@type":"BreadcrumbList","@id":"https:\/\/www.universalchain.net\/product\/#breadcrumb","itemListElement":[{"@type":"ListItem","position":1,"name":"Home","item":"https:\/\/www.universalchain.net\/"},{"@type":"ListItem","position":2,"name":"Product"}]},{"@type":"WebSite","@id":"https:\/\/www.universalchain.net\/#website","url":"https:\/\/www.universalchain.net\/","name":"Fabricante Profissional de Corrente Industrial - Transmiss\u00e3o Universal","description":"Fabricante l\u00edder de transmiss\u00e3o de corrente","publisher":{"@id":"https:\/\/www.universalchain.net\/#organization"},"alternateName":"Universal Chains","potentialAction":[{"@type":"SearchAction","target":{"@type":"EntryPoint","urlTemplate":"https:\/\/www.universalchain.net\/?s={search_term_string}"},"query-input":{"@type":"PropertyValueSpecification","valueRequired":true,"valueName":"search_term_string"}}],"inLanguage":"pt-BR"},{"@type":"Organization","@id":"https:\/\/www.universalchain.net\/#organization","name":"Correntes Universal","url":"https:\/\/www.universalchain.net\/","logo":{"@type":"ImageObject","inLanguage":"pt-BR","@id":"https:\/\/www.universalchain.net\/#\/schema\/logo\/image\/","url":"https:\/\/www.universalchain.net\/wp-content\/uploads\/2022\/03\/Stainless-Steel-Chain-\u4e0d\u9508\u94a2\u94fe.png","contentUrl":"https:\/\/www.universalchain.net\/wp-content\/uploads\/2022\/03\/Stainless-Steel-Chain-\u4e0d\u9508\u94a2\u94fe.png","width":512,"height":388,"caption":"Universal Chains"},"image":{"@id":"https:\/\/www.universalchain.net\/#\/schema\/logo\/image\/"},"sameAs":["https:\/\/www.facebook.com\/universalsunzhou"]}]}},"_links":{"self":[{"href":"https:\/\/www.universalchain.net\/pt\/wp-json\/wp\/v2\/pages\/73","targetHints":{"allow":["GET"]}}],"collection":[{"href":"https:\/\/www.universalchain.net\/pt\/wp-json\/wp\/v2\/pages"}],"about":[{"href":"https:\/\/www.universalchain.net\/pt\/wp-json\/wp\/v2\/types\/page"}],"author":[{"embeddable":true,"href":"https:\/\/www.universalchain.net\/pt\/wp-json\/wp\/v2\/users\/1"}],"replies":[{"embeddable":true,"href":"https:\/\/www.universalchain.net\/pt\/wp-json\/wp\/v2\/comments?post=73"}],"version-history":[{"count":0,"href":"https:\/\/www.universalchain.net\/pt\/wp-json\/wp\/v2\/pages\/73\/revisions"}],"wp:attachment":[{"href":"https:\/\/www.universalchain.net\/pt\/wp-json\/wp\/v2\/media?parent=73"}],"curies":[{"name":"wp","href":"https:\/\/api.w.org\/{rel}","templated":true}]}}